{"id":2026,"date":"2023-01-26T07:34:19","date_gmt":"2023-01-26T07:34:19","guid":{"rendered":"https:\/\/balenovic.hr\/wie-bekommt-man-ein-perfektes-laecheln\/"},"modified":"2023-02-11T22:44:10","modified_gmt":"2023-02-11T22:44:10","slug":"wie-bekommt-man-ein-perfektes-laecheln","status":"publish","type":"page","link":"https:\/\/balenovic.hr\/de\/wie-bekommt-man-ein-perfektes-laecheln\/","title":{"rendered":"Wie bekommt man ein perfektes L\u00e4cheln?"},"content":{"rendered":"<p>[et_pb_section fb_built=&#8220;1&#8243; custom_padding_last_edited=&#8220;on|phone&#8220; admin_label=&#8220;Header&#8220; _builder_version=&#8220;4.19.5&#8243; use_background_color_gradient=&#8220;on&#8220; background_color_gradient_type=&#8220;circular&#8220; background_color_gradient_direction_radial=&#8220;right&#8220; background_color_gradient_stops=&#8220;rgba(255,255,255,0) 0%|#ffffff 70%&#8220; background_color_gradient_overlays_image=&#8220;on&#8220; background_color_gradient_start=&#8220;rgba(255,255,255,0)&#8220; background_color_gradient_end=&#8220;#ffffff&#8220; background_color_gradient_end_position=&#8220;70%&#8220; background_image=&#8220;https:\/\/balenovic.hr\/wp-content\/uploads\/2022\/02\/dentist-02.jpg&#8220; background_position=&#8220;center_right&#8220; min_height=&#8220;487px&#8220; custom_margin=&#8220;||47px|||&#8220; custom_padding=&#8220;8vw||8vw||true|false&#8220; custom_padding_tablet=&#8220;||||false|false&#8220; custom_padding_phone=&#8220;||||false|false&#8220; border_radii=&#8220;||||10vw&#8220; box_shadow_style=&#8220;preset1&#8243; box_shadow_vertical=&#8220;40px&#8220; box_shadow_blur=&#8220;60px&#8220; box_shadow_color=&#8220;rgba(0,64,135,0.06)&#8220; saved_tabs=&#8220;all&#8220; global_colors_info=&#8220;{}&#8220;][et_pb_row column_structure=&#8220;3_5,2_5&#8243; _builder_version=&#8220;4.19.4&#8243; global_colors_info=&#8220;{}&#8220;][et_pb_column type=&#8220;3_5&#8243; _builder_version=&#8220;4.16&#8243; custom_padding=&#8220;|||&#8220; global_colors_info=&#8220;{}&#8220; custom_padding__hover=&#8220;|||&#8220;][et_pb_text _builder_version=&#8220;4.19.5&#8243; text_font=&#8220;||||||||&#8220; header_font=&#8220;Cantata One||||||||&#8220; header_font_size=&#8220;50px&#8220; header_line_height=&#8220;1.4em&#8220; header_2_font=&#8220;||||||||&#8220; header_2_text_color=&#8220;rgba(0,0,0,0.35)&#8220; header_2_font_size=&#8220;20px&#8220; header_2_line_height=&#8220;1.6em&#8220; animation_style=&#8220;slide&#8220; animation_direction=&#8220;bottom&#8220; header_font_size_tablet=&#8220;35px&#8220; header_font_size_phone=&#8220;25px&#8220; header_font_size_last_edited=&#8220;on|desktop&#8220; global_colors_info=&#8220;{}&#8220;]<\/p>\n<h1 class=\"color_color_1 klizer_4_naslov n1\">Finden Sie heraus, was Ihre Z\u00e4hne f\u00fcr ein perfektes L\u00e4cheln brauchen<\/h1>\n<h2>Beratung, Inspektion, Reinigung!<\/h2>\n<p>[\/et_pb_text][\/et_pb_column][et_pb_column type=&#8220;2_5&#8243; _builder_version=&#8220;4.16&#8243; custom_padding=&#8220;15px|||&#8220; global_colors_info=&#8220;{}&#8220; custom_padding__hover=&#8220;|||&#8220;][\/et_pb_column][\/et_pb_row][\/et_pb_section][et_pb_section fb_built=&#8220;1&#8243; admin_label=&#8220;Contact Info&#8220; _builder_version=&#8220;4.19.4&#8243; custom_padding=&#8220;5px||4px|||&#8220; global_module=&#8220;594&#8243; saved_tabs=&#8220;all&#8220; global_colors_info=&#8220;{}&#8220;][et_pb_row column_structure=&#8220;1_3,1_3,1_3&#8243; _builder_version=&#8220;4.16&#8243; locked=&#8220;off&#8220; global_colors_info=&#8220;{}&#8220;][et_pb_column type=&#8220;1_3&#8243; _builder_version=&#8220;4.16&#8243; custom_padding=&#8220;|||&#8220; global_colors_info=&#8220;{}&#8220; custom_padding__hover=&#8220;|||&#8220;][et_pb_blurb title=&#8220;Rufen Sie uns an&#8220; use_icon=&#8220;on&#8220; font_icon=&#8220;&#xe090;||divi||400&#8243; icon_color=&#8220;#C40627&#8243; icon_placement=&#8220;left&#8220; _builder_version=&#8220;4.19.4&#8243; header_font=&#8220;Cantata One||||||||&#8220; header_line_height=&#8220;1.6em&#8220; body_font=&#8220;||||||||&#8220; body_line_height=&#8220;2em&#8220; animation=&#8220;off&#8220; global_colors_info=&#8220;{}&#8220;]<\/p>\n<p>+385 1 4923 392<\/p>\n<p>[\/et_pb_blurb][\/et_pb_column][et_pb_column type=&#8220;1_3&#8243; _builder_version=&#8220;4.16&#8243; custom_padding=&#8220;|||&#8220; global_colors_info=&#8220;{}&#8220; custom_padding__hover=&#8220;|||&#8220;][et_pb_blurb title=&#8220;Arbeitszeit&#8220; use_icon=&#8220;on&#8220; font_icon=&#8220;&#xe06b;||divi||400&#8243; icon_color=&#8220;#C40627&#8243; icon_placement=&#8220;left&#8220; _builder_version=&#8220;4.19.4&#8243; header_font=&#8220;Cantata One||||||||&#8220; header_line_height=&#8220;1.6em&#8220; body_font=&#8220;||||||||&#8220; body_line_height=&#8220;2em&#8220; animation=&#8220;off&#8220; global_colors_info=&#8220;{}&#8220;]<\/p>\n<p>wie vereinbart<\/p>\n<p>[\/et_pb_blurb][\/et_pb_column][et_pb_column type=&#8220;1_3&#8243; _builder_version=&#8220;4.16&#8243; custom_padding=&#8220;|||&#8220; global_colors_info=&#8220;{}&#8220; custom_padding__hover=&#8220;|||&#8220;][et_pb_blurb title=&#8220;Kostenlose Online-Beratung&#8220; use_icon=&#8220;on&#8220; font_icon=&#8220;&#xe08b;||divi||400&#8243; icon_color=&#8220;#C40627&#8243; icon_placement=&#8220;left&#8220; _builder_version=&#8220;4.19.4&#8243; header_font=&#8220;Cantata One||||||||&#8220; header_line_height=&#8220;1.6em&#8220; body_font=&#8220;||||||||&#8220; body_line_height=&#8220;2em&#8220; animation=&#8220;off&#8220; global_colors_info=&#8220;{}&#8220;]<\/p>\n<p>Lassen Sie sich von unseren Zahn\u00e4rzten beraten.<\/p>\n<p>[\/et_pb_blurb][\/et_pb_column][\/et_pb_row][\/et_pb_section][et_pb_section fb_built=&#8220;1&#8243; specialty=&#8220;on&#8220; admin_label=&#8220;Feature&#8220; _builder_version=&#8220;4.16&#8243; use_background_color_gradient=&#8220;on&#8220; background_color_gradient_stops=&#8220;#f3f5fa 0%|#ffffff 100%&#8220; background_color_gradient_start=&#8220;#f3f5fa&#8220; background_color_gradient_end=&#8220;#ffffff&#8220; saved_tabs=&#8220;all&#8220; global_colors_info=&#8220;{}&#8220;][et_pb_column type=&#8220;1_3&#8243; admin_label=&#8220;Spalte&#8220; _builder_version=&#8220;4.16&#8243; custom_padding=&#8220;|||&#8220; global_colors_info=&#8220;{}&#8220; custom_padding__hover=&#8220;|||&#8220;][et_pb_text _builder_version=&#8220;4.19.4&#8243; text_font=&#8220;Open Sans||||||||&#8220; text_line_height=&#8220;2em&#8220; header_font=&#8220;||||||||&#8220; header_3_font=&#8220;Cantata One||||||||&#8220; header_3_font_size=&#8220;20px&#8220; header_3_line_height=&#8220;1.6em&#8220; custom_margin=&#8220;||30px|&#8220; header_3_font_size_tablet=&#8220;&#8220; header_3_font_size_phone=&#8220;25px&#8220; header_3_font_size_last_edited=&#8220;on|phone&#8220; locked=&#8220;off&#8220; global_colors_info=&#8220;{}&#8220;]<\/p>\n<h3>Zahnpflege f\u00fcr die ganze Familie<\/h3>\n<p><span>Multidisziplin\u00e4rer Ansatz f\u00fcr jeden Patienten<\/span><\/p>\n<p>[\/et_pb_text][et_pb_blurb title=&#8220;Betreuung von Erwachsenen&#8220; use_icon=&#8220;on&#8220; font_icon=&#8220;&#x4e;||divi||400&#8243; icon_color=&#8220;#C40627&#8243; icon_placement=&#8220;left&#8220; _builder_version=&#8220;4.19.4&#8243; header_level=&#8220;h3&#8243; header_font=&#8220;Cantata One||||||||&#8220; header_font_size=&#8220;14px&#8220; header_line_height=&#8220;2em&#8220; body_font=&#8220;Open Sans||||||||&#8220; body_line_height=&#8220;2em&#8220; custom_margin=&#8220;||20px|&#8220; animation=&#8220;off&#8220; locked=&#8220;off&#8220; global_colors_info=&#8220;{}&#8220;][\/et_pb_blurb][et_pb_blurb title=&#8220;Betreuung von Kindern&#8220; use_icon=&#8220;on&#8220; font_icon=&#8220;&#x4e;||divi||400&#8243; icon_color=&#8220;#C40627&#8243; icon_placement=&#8220;left&#8220; _builder_version=&#8220;4.19.4&#8243; header_level=&#8220;h3&#8243; header_font=&#8220;Cantata One||||||||&#8220; header_font_size=&#8220;14px&#8220; header_line_height=&#8220;2em&#8220; body_font=&#8220;Open Sans||||||||&#8220; body_line_height=&#8220;2em&#8220; custom_margin=&#8220;||20px|&#8220; animation=&#8220;off&#8220; locked=&#8220;off&#8220; global_colors_info=&#8220;{}&#8220;][\/et_pb_blurb][et_pb_blurb title=&#8220;Kieferorthop\u00e4die&#8220; use_icon=&#8220;on&#8220; font_icon=&#8220;&#x4e;||divi||400&#8243; icon_color=&#8220;#C40627&#8243; icon_placement=&#8220;left&#8220; _builder_version=&#8220;4.19.4&#8243; header_level=&#8220;h3&#8243; header_font=&#8220;Cantata One||||||||&#8220; header_font_size=&#8220;14px&#8220; header_line_height=&#8220;2em&#8220; body_font=&#8220;Open Sans||||||||&#8220; body_line_height=&#8220;2em&#8220; custom_margin=&#8220;||20px|&#8220; animation=&#8220;off&#8220; locked=&#8220;off&#8220; global_colors_info=&#8220;{}&#8220;][\/et_pb_blurb][\/et_pb_column][et_pb_column type=&#8220;2_3&#8243; specialty_columns=&#8220;2&#8243; _builder_version=&#8220;4.16&#8243; custom_padding=&#8220;|||&#8220; global_colors_info=&#8220;{}&#8220; custom_padding__hover=&#8220;|||&#8220;][et_pb_row_inner _builder_version=&#8220;4.16&#8243; background_color=&#8220;#ffffff&#8220; background_color_gradient_direction=&#8220;108deg&#8220; custom_margin=&#8220;0px||0px||true&#8220; custom_padding=&#8220;80px|40px|80px|40px|true|true&#8220; animation_style=&#8220;slide&#8220; animation_direction=&#8220;right&#8220; animation_intensity_slide=&#8220;5%&#8220; border_radii=&#8220;on|20px|20px|20px|20px&#8220; box_shadow_style=&#8220;preset1&#8243; box_shadow_vertical=&#8220;40px&#8220; box_shadow_blur=&#8220;60px&#8220; box_shadow_color=&#8220;rgba(0,64,135,0.06)&#8220; global_colors_info=&#8220;{}&#8220;][et_pb_column_inner saved_specialty_column_type=&#8220;2_3&#8243; _builder_version=&#8220;4.16&#8243; custom_padding=&#8220;|||&#8220; global_colors_info=&#8220;{}&#8220; custom_padding__hover=&#8220;|||&#8220;][et_pb_text _builder_version=&#8220;4.19.5&#8243; text_font=&#8220;Open Sans||||||||&#8220; text_line_height=&#8220;2em&#8220; header_font=&#8220;||||||||&#8220; header_2_font=&#8220;Cantata One||||||||&#8220; header_2_font_size=&#8220;40px&#8220; header_2_line_height=&#8220;1.4em&#8220; text_orientation=&#8220;center&#8220; max_width=&#8220;500px&#8220; module_alignment=&#8220;center&#8220; header_2_font_size_tablet=&#8220;35px&#8220; header_2_font_size_phone=&#8220;25px&#8220; header_2_font_size_last_edited=&#8220;on|phone&#8220; locked=&#8220;off&#8220; global_colors_info=&#8220;{}&#8220;]<\/p>\n<h2 style=\"text-align: left;\"><span>Die Zahnprobleme jedes Menschen sind unterschiedlich und erfordern eine besondere Pflege.<\/span><\/h2>\n<div class=\"container-full klizer-1 slick-klizer slick-initialized slick-slider\">\n<div aria-live=\"polite\" class=\"slick-list draggable\" tabindex=\"0\">\n<div class=\"slick-track\">\n<div class=\"klizer_4_spacing slick-slide slick-active\" data-slick-index=\"0\" aria-hidden=\"false\">\n<div class=\"klizer_4_half background_color_3 half_4_content\">\n<div class=\"vertical-align\">\n<p class=\"color_color_1 klizer_4_sadrzaj t2\" style=\"text-align: left;\">Um ein sch\u00f6nes L\u00e4cheln zu erreichen, ist es notwendig, das Problem zu finden, das Sie haben, um es mit den richtigen Methoden zu l\u00f6sen.<\/p>\n<div class=\"container_full background_color_1 headline_wrapper\">\n<p class=\"color_color_3 t1 sentence_stlye\" style=\"text-align: left;\">F\u00fcllen Sie unseren kurzen Fragebogen aus und teilen Sie unseren Experten mit, welche Probleme Sie haben, und wir senden Ihnen einen L\u00f6sungsvorschlag. Nehmen Sie sich Zeit und finden Sie Ihren Weg zu einem rundum gesunden und strahlenden L\u00e4cheln.<\/p>\n<\/div>\n<\/div>\n<\/div>\n<\/div>\n<\/div>\n<\/div>\n<\/div>\n<p>[\/et_pb_text][\/et_pb_column_inner][\/et_pb_row_inner][\/et_pb_column][\/et_pb_section][et_pb_section fb_built=&#8220;1&#8243; _builder_version=&#8220;4.19.5&#8243; _module_preset=&#8220;default&#8220; global_colors_info=&#8220;{}&#8220;][et_pb_row _builder_version=&#8220;4.19.5&#8243; _module_preset=&#8220;default&#8220; global_colors_info=&#8220;{}&#8220;][et_pb_column type=&#8220;4_4&#8243; _builder_version=&#8220;4.19.5&#8243; _module_preset=&#8220;default&#8220; global_colors_info=&#8220;{}&#8220;][et_pb_df_gravityform_injector id=&#8220;3&#8243; title=&#8220;aus&#8220; description=&#8220;off&#8220; ajax=&#8220;on&#8220; fb_background_color=&#8220;#C40627&#8243; fb_background_color_hover=&#8220;#0C71C3&#8243; fb_text_color_hover=&#8220;#EDF000&#8243; fb_has_border=&#8220;on&#8220; fb_border_size=&#8220;7&#8243; fb_border_size_hover=&#8220;7&#8243; fb_border_color=&#8220;#C40627&#8243; fb_border_color_hover=&#8220;#C40627&#8243; fb_border_radius=&#8220;30&#8243; fb_border_radius_hover=&#8220;30&#8243; fb_padding=&#8220;6px|30px|6px|30px|false|false&#8220; input_background_color=&#8220;#FFFFFF&#8220; input_border_width=&#8220;1&#8243; input_border_radius=&#8220;1&#8243; _builder_version=&#8220;4.19.5&#8243; _module_preset=&#8220;default&#8220; form_button_font=&#8220;|600|||||||&#8220; form_button_text_color=&#8220;#FFFFFF&#8220; custom_padding=&#8220;15px|15px|15px|15px|false|false&#8220; border_radii=&#8220;on|50px|50px|50px|50px&#8220; global_colors_info=&#8220;{}&#8220;][\/et_pb_df_gravityform_injector][\/et_pb_column][\/et_pb_row][\/et_pb_section]<\/p>\n","protected":false},"excerpt":{"rendered":"<p>Finden Sie heraus, was Ihre Z\u00e4hne f\u00fcr ein perfektes L\u00e4cheln brauchen Beratung, Inspektion, Reinigung!+385 1 4923 392wie vereinbartLassen Sie sich von unseren Zahn\u00e4rzten beraten.Zahnpflege f\u00fcr die ganze Familie Multidisziplin\u00e4rer Ansatz f\u00fcr jeden PatientenDie Zahnprobleme jedes Menschen sind unterschiedlich und erfordern eine besondere Pflege. Um ein sch\u00f6nes L\u00e4cheln zu erreichen, ist es notwendig, das Problem zu [&hellip;]<\/p>\n","protected":false},"author":2,"featured_media":368,"parent":0,"menu_order":0,"comment_status":"closed","ping_status":"closed","template":"","meta":{"_et_pb_use_builder":"on","_et_pb_old_content":"","_et_gb_content_width":"","om_disable_all_campaigns":false,"_monsterinsights_skip_tracking":false,"_monsterinsights_sitenote_active":false,"_monsterinsights_sitenote_note":"","_monsterinsights_sitenote_category":0,"_uf_show_specific_survey":0,"_uf_disable_surveys":false,"footnotes":""},"class_list":["post-2026","page","type-page","status-publish","has-post-thumbnail","hentry"],"aioseo_notices":[],"_links":{"self":[{"href":"https:\/\/balenovic.hr\/de\/wp-json\/wp\/v2\/pages\/2026","targetHints":{"allow":["GET"]}}],"collection":[{"href":"https:\/\/balenovic.hr\/de\/wp-json\/wp\/v2\/pages"}],"about":[{"href":"https:\/\/balenovic.hr\/de\/wp-json\/wp\/v2\/types\/page"}],"author":[{"embeddable":true,"href":"https:\/\/balenovic.hr\/de\/wp-json\/wp\/v2\/users\/2"}],"replies":[{"embeddable":true,"href":"https:\/\/balenovic.hr\/de\/wp-json\/wp\/v2\/comments?post=2026"}],"version-history":[{"count":0,"href":"https:\/\/balenovic.hr\/de\/wp-json\/wp\/v2\/pages\/2026\/revisions"}],"wp:featuredmedia":[{"embeddable":true,"href":"https:\/\/balenovic.hr\/de\/wp-json\/wp\/v2\/media\/368"}],"wp:attachment":[{"href":"https:\/\/balenovic.hr\/de\/wp-json\/wp\/v2\/media?parent=2026"}],"curies":[{"name":"wp","href":"https:\/\/api.w.org\/{rel}","templated":true}]}}